{"id":407,"date":"2023-11-22T08:40:29","date_gmt":"2023-11-22T08:40:29","guid":{"rendered":"http:\/\/hung-long.local\/lien-he\/"},"modified":"2024-07-02T14:58:54","modified_gmt":"2024-07-02T14:58:54","slug":"lien-he","status":"publish","type":"page","link":"https:\/\/hunglongrobotics.com\/en\/lien-he\/","title":{"rendered":"Li\u00ean h\u1ec7"},"content":{"rendered":"<p class=\"text-neutral-900 subheader-24\">Xin ch\u00e0o ch\u00fang t\u00f4i l\u00e0<br \/>\n<span class=\"block text-primary-800-main header-40 font-bold uppercase mt-2\">H\u01afNG LONG ROBOT<\/span><\/p>\n","protected":false},"excerpt":{"rendered":"<p>Xin ch\u00e0o ch\u00fang t\u00f4i l\u00e0 H\u01afNG LONG ROBOT<\/p>\n","protected":false},"author":1,"featured_media":0,"parent":0,"menu_order":0,"comment_status":"closed","ping_status":"closed","template":"page-contact.php","meta":{"inline_featured_image":false,"footnotes":""},"acf":[],"_links":{"self":[{"href":"https:\/\/hunglongrobotics.com\/en\/wp-json\/wp\/v2\/pages\/407"}],"collection":[{"href":"https:\/\/hunglongrobotics.com\/en\/wp-json\/wp\/v2\/pages"}],"about":[{"href":"https:\/\/hunglongrobotics.com\/en\/wp-json\/wp\/v2\/types\/page"}],"author":[{"embeddable":true,"href":"https:\/\/hunglongrobotics.com\/en\/wp-json\/wp\/v2\/users\/1"}],"replies":[{"embeddable":true,"href":"https:\/\/hunglongrobotics.com\/en\/wp-json\/wp\/v2\/comments?post=407"}],"version-history":[{"count":6,"href":"https:\/\/hunglongrobotics.com\/en\/wp-json\/wp\/v2\/pages\/407\/revisions"}],"predecessor-version":[{"id":1119,"href":"https:\/\/hunglongrobotics.com\/en\/wp-json\/wp\/v2\/pages\/407\/revisions\/1119"}],"wp:attachment":[{"href":"https:\/\/hunglongrobotics.com\/en\/wp-json\/wp\/v2\/media?parent=407"}],"curies":[{"name":"wp","href":"https:\/\/api.w.org\/{rel}","templated":true}]}}